{"id":24574,"date":"2021-01-06T10:10:47","date_gmt":"2021-01-06T10:10:47","guid":{"rendered":"https:\/\/www.etudes-en-roumanie.net\/guide\/?page_id=24574"},"modified":"2023-03-08T22:46:44","modified_gmt":"2023-03-08T22:46:44","slug":"comment-etudier-en-roumanie-typ","status":"publish","type":"page","link":"https:\/\/www.etudes-en-roumanie.net\/guide\/comment-etudier-en-roumanie-typ\/","title":{"rendered":"Comment \u00e9tudier en Roumanie"},"content":{"rendered":"<p>[et_pb_section fb_built=\u00a0\u00bb1&Prime; _builder_version=\u00a0\u00bb4.16&Prime; background_color=\u00a0\u00bb#04528e\u00a0\u00bb custom_padding=\u00a0\u00bb0px||35px||false|\u00a0\u00bb global_colors_info=\u00a0\u00bb{}\u00a0\u00bb][et_pb_row _builder_version=\u00a0\u00bb4.16&Prime; custom_margin=\u00a0\u00bb|auto|15px|auto||\u00a0\u00bb global_colors_info=\u00a0\u00bb{}\u00a0\u00bb][et_pb_column type=\u00a0\u00bb4_4&Prime; _builder_version=\u00a0\u00bb4.16&Prime; global_colors_info=\u00a0\u00bb{}\u00a0\u00bb][et_pb_blurb title=\u00a0\u00bbMerci \u00e0 vous!\u00a0\u00bb use_icon=\u00a0\u00bbon\u00a0\u00bb font_icon=\u00a0\u00bb&#x52;||divi||400&Prime; icon_color=\u00a0\u00bb#e09900&Prime; image_icon_width=\u00a0\u00bb60px\u00a0\u00bb content_max_width=\u00a0\u00bb1100px\u00a0\u00bb _builder_version=\u00a0\u00bb4.16&Prime; header_font=\u00a0\u00bbPoppins|700||on|||||\u00a0\u00bb header_text_color=\u00a0\u00bb#E09900&Prime; header_font_size=\u00a0\u00bb44px\u00a0\u00bb body_font=\u00a0\u00bbPoppins||||||||\u00a0\u00bb body_text_color=\u00a0\u00bb#ffffff\u00a0\u00bb body_font_size=\u00a0\u00bb23px\u00a0\u00bb body_line_height=\u00a0\u00bb1.75em\u00a0\u00bb text_orientation=\u00a0\u00bbcenter\u00a0\u00bb custom_margin=\u00a0\u00bb||1px|||\u00a0\u00bb header_font_size_tablet=\u00a0\u00bb\u00a0\u00bb header_font_size_phone=\u00a0\u00bb31px\u00a0\u00bb header_font_size_last_edited=\u00a0\u00bbon|desktop\u00a0\u00bb body_font_size_tablet=\u00a0\u00bb\u00a0\u00bb body_font_size_phone=\u00a0\u00bb15px\u00a0\u00bb body_font_size_last_edited=\u00a0\u00bbon|phone\u00a0\u00bb icon_font_size=\u00a0\u00bb60px\u00a0\u00bb global_colors_info=\u00a0\u00bb{}\u00a0\u00bb]<\/p>\n<p>Voici votre Vid\u00e9o gratuite avec les informations sur les etudes en Roumanie.<\/p>\n<p>[\/et_pb_blurb][et_pb_divider _builder_version=\u00a0\u00bb4.16&Prime; _module_preset=\u00a0\u00bbdefault\u00a0\u00bb custom_margin=\u00a0\u00bb||10px|||\u00a0\u00bb global_colors_info=\u00a0\u00bb{}\u00a0\u00bb][\/et_pb_divider][et_pb_text _builder_version=\u00a0\u00bb4.16&Prime; _module_preset=\u00a0\u00bbdefault\u00a0\u00bb text_font=\u00a0\u00bbPoppins|700|||||||\u00a0\u00bb text_text_color=\u00a0\u00bb#ffffff\u00a0\u00bb text_font_size=\u00a0\u00bb25px\u00a0\u00bb text_font_size_tablet=\u00a0\u00bb\u00a0\u00bb text_font_size_phone=\u00a0\u00bb20px\u00a0\u00bb text_font_size_last_edited=\u00a0\u00bbon|phone\u00a0\u00bb global_colors_info=\u00a0\u00bb{}\u00a0\u00bb]<\/p>\n<p>\u00c9tape 1: Regardez la vid\u00e9o<\/p>\n<p>[\/et_pb_text][et_pb_video src=\u00a0\u00bbhttps:\/\/www.etudes-en-roumanie.net\/guide\/wp-content\/uploads\/2022\/01\/Procedure-dinscription-en-Roumanie-informations-rapides.mp4&Prime; play_icon_color=\u00a0\u00bb#ffffff\u00a0\u00bb use_icon_font_size=\u00a0\u00bbon\u00a0\u00bb icon_font_size=\u00a0\u00bb68px\u00a0\u00bb thumbnail_overlay_color=\u00a0\u00bbrgba(0,0,0,0.6)\u00a0\u00bb _builder_version=\u00a0\u00bb4.16&Prime; width=\u00a0\u00bb100%\u00a0\u00bb module_alignment=\u00a0\u00bbcenter\u00a0\u00bb border_width_all=\u00a0\u00bb8px\u00a0\u00bb border_color_all=\u00a0\u00bbrgba(152,193,217,0.33)\u00a0\u00bb global_colors_info=\u00a0\u00bb{}\u00a0\u00bb][\/et_pb_video][et_pb_divider _builder_version=\u00a0\u00bb4.16&Prime; _module_preset=\u00a0\u00bbdefault\u00a0\u00bb custom_margin=\u00a0\u00bb-28px||11px||false|false\u00a0\u00bb custom_padding=\u00a0\u00bb32px||||false|false\u00a0\u00bb global_colors_info=\u00a0\u00bb{}\u00a0\u00bb][\/et_pb_divider][et_pb_text _builder_version=\u00a0\u00bb4.16&Prime; _module_preset=\u00a0\u00bbdefault\u00a0\u00bb text_font=\u00a0\u00bbPoppins|700|||||||\u00a0\u00bb text_text_color=\u00a0\u00bb#ffffff\u00a0\u00bb text_font_size=\u00a0\u00bb25px\u00a0\u00bb text_letter_spacing=\u00a0\u00bb1px\u00a0\u00bb text_line_height=\u00a0\u00bb1.8em\u00a0\u00bb animation_style=\u00a0\u00bbfade\u00a0\u00bb animation_delay=\u00a0\u00bb267000ms\u00a0\u00bb text_font_size_tablet=\u00a0\u00bb18px\u00a0\u00bb text_font_size_phone=\u00a0\u00bb15px\u00a0\u00bb text_font_size_last_edited=\u00a0\u00bbon|phone\u00a0\u00bb global_colors_info=\u00a0\u00bb{}\u00a0\u00bb]<\/p>\n<p>\u00c9tape 2: Pour vous faire accompagner pour votre inscription cliquez le bouton \u00ab\u00a0JE VEUX ME FAIRE ACCOMPAGNER\u00a0\u00bb ici bas<\/p>\n<p>[\/et_pb_text][et_pb_button button_url=\u00a0\u00bbhttps:\/\/form.jotform.com\/221256345564355&Prime; button_text=\u00a0\u00bbJE SUIS NON-EUROP\u00c9EN ET VEUX ME FAIRE ACCOMPAGNER\u00a0\u00bb button_alignment=\u00a0\u00bbcenter\u00a0\u00bb _builder_version=\u00a0\u00bb4.17.3&Prime; custom_button=\u00a0\u00bbon\u00a0\u00bb button_text_size=\u00a0\u00bb31px\u00a0\u00bb button_text_color=\u00a0\u00bb#E0FBFC\u00a0\u00bb button_bg_color=\u00a0\u00bb#E09900&Prime; button_border_color=\u00a0\u00bb#3D5A80&Prime; button_border_radius=\u00a0\u00bb61px\u00a0\u00bb button_font=\u00a0\u00bbPoppins|700||on|||||\u00a0\u00bb custom_padding=\u00a0\u00bb10px|40px|10px|40px|true|true\u00a0\u00bb animation_style=\u00a0\u00bbfade\u00a0\u00bb animation_delay=\u00a0\u00bb267000ms\u00a0\u00bb hover_enabled=\u00a0\u00bb0&Prime; button_text_size_tablet=\u00a0\u00bb17px\u00a0\u00bb button_text_size_phone=\u00a0\u00bb12px\u00a0\u00bb button_text_size_last_edited=\u00a0\u00bbon|phone\u00a0\u00bb global_colors_info=\u00a0\u00bb{}\u00a0\u00bb button_bg_color__hover_enabled=\u00a0\u00bbon\u00a0\u00bb button_bg_color__hover=\u00a0\u00bb#ee6c4d\u00a0\u00bb button_bg_enable_color__hover=\u00a0\u00bbon\u00a0\u00bb button_border_color__hover_enabled=\u00a0\u00bbon\u00a0\u00bb button_border_color__hover=\u00a0\u00bb#ee6c4d\u00a0\u00bb sticky_enabled=\u00a0\u00bb0&Prime;][\/et_pb_button][et_pb_button button_url=\u00a0\u00bbhttps:\/\/form.jotform.com\/221256345564355&Prime; button_text=\u00a0\u00bbJE SUIS EUROP\u00c9EN ET VEUX ME FAIRE ACCOMPAGNER\u00a0\u00bb button_alignment=\u00a0\u00bbcenter\u00a0\u00bb _builder_version=\u00a0\u00bb4.17.3&Prime; custom_button=\u00a0\u00bbon\u00a0\u00bb button_text_size=\u00a0\u00bb31px\u00a0\u00bb button_text_color=\u00a0\u00bb#E0FBFC\u00a0\u00bb button_bg_color=\u00a0\u00bb#E09900&Prime; button_border_color=\u00a0\u00bb#3D5A80&Prime; button_border_radius=\u00a0\u00bb61px\u00a0\u00bb button_font=\u00a0\u00bbPoppins|700||on|||||\u00a0\u00bb custom_padding=\u00a0\u00bb10px|40px|10px|40px|true|true\u00a0\u00bb animation_style=\u00a0\u00bbfade\u00a0\u00bb animation_delay=\u00a0\u00bb267000ms\u00a0\u00bb hover_enabled=\u00a0\u00bb0&Prime; button_text_size_tablet=\u00a0\u00bb19px\u00a0\u00bb button_text_size_phone=\u00a0\u00bb14px\u00a0\u00bb button_text_size_last_edited=\u00a0\u00bbon|phone\u00a0\u00bb global_colors_info=\u00a0\u00bb{}\u00a0\u00bb button_bg_color__hover_enabled=\u00a0\u00bbon\u00a0\u00bb button_bg_color__hover=\u00a0\u00bb#ee6c4d\u00a0\u00bb button_bg_enable_color__hover=\u00a0\u00bbon\u00a0\u00bb button_border_color__hover_enabled=\u00a0\u00bbon\u00a0\u00bb button_border_color__hover=\u00a0\u00bb#ee6c4d\u00a0\u00bb sticky_enabled=\u00a0\u00bb0&Prime;][\/et_pb_button][et_pb_text _builder_version=\u00a0\u00bb4.16&Prime; _module_preset=\u00a0\u00bbdefault\u00a0\u00bb text_font=\u00a0\u00bbPoppins||||||||\u00a0\u00bb text_text_color=\u00a0\u00bb#ffffff\u00a0\u00bb text_font_size=\u00a0\u00bb21px\u00a0\u00bb text_line_height=\u00a0\u00bb1.6em\u00a0\u00bb animation_style=\u00a0\u00bbfade\u00a0\u00bb animation_delay=\u00a0\u00bb267000ms\u00a0\u00bb text_font_size_tablet=\u00a0\u00bb15px\u00a0\u00bb text_font_size_phone=\u00a0\u00bb15px\u00a0\u00bb text_font_size_last_edited=\u00a0\u00bbon|phone\u00a0\u00bb global_colors_info=\u00a0\u00bb{}\u00a0\u00bb]<\/p>\n<p>Vous serez guid\u00e9 pour:<br \/>\n&#8211; la composition de votre dossier d\u2019inscription;<br \/>\n&#8211; vous faire accompagner dans le Choix de votre programme et votre universit\u00e9;<br \/>\n&#8211; les informations sur les d\u00e9lais \/ dates limites des inscription;<br \/>\n&#8211; les conditions d\u2019\u00e9ligibilit\u00e9;<br \/>\n&#8211; les universit\u00e9s et instituts disponibles en Roumanie;<br \/>\n&#8211; les taxes \/co\u00fbts \/ prix de scolarit\u00e9 et d\u2019inscription;<br \/>\n&#8211; le co\u00fbt de vie et des logements;<br \/>\n&#8211; le d\u00e9p\u00f4t de votre dossier et son suivi jusqu\u2019\u00e0 la d\u00e9livrance de votre lettre d\u2019acceptation;<br \/>\n&#8211; les honoraires de l&rsquo;agence pour vous accompagner, etc.\n<\/p>\n<p>[\/et_pb_text][et_pb_text disabled_on=\u00a0\u00bbon|off|off\u00a0\u00bb _builder_version=\u00a0\u00bb4.16&Prime; _module_preset=\u00a0\u00bbdefault\u00a0\u00bb text_font=\u00a0\u00bbPoppins|700|||||||\u00a0\u00bb text_text_color=\u00a0\u00bb#ffffff\u00a0\u00bb text_font_size=\u00a0\u00bb25px\u00a0\u00bb text_letter_spacing=\u00a0\u00bb1px\u00a0\u00bb text_line_height=\u00a0\u00bb1.6em\u00a0\u00bb animation_style=\u00a0\u00bbfade\u00a0\u00bb animation_delay=\u00a0\u00bb267000ms\u00a0\u00bb text_font_size_tablet=\u00a0\u00bb\u00a0\u00bb text_font_size_phone=\u00a0\u00bb17px\u00a0\u00bb text_font_size_last_edited=\u00a0\u00bbon|phone\u00a0\u00bb global_colors_info=\u00a0\u00bb{}\u00a0\u00bb]<\/p>\n<p>Partagez cette vid\u00e9o vos r\u00e9seaux sociaux!<\/p>\n<p>[\/et_pb_text][\/et_pb_column][\/et_pb_row][\/et_pb_section]<\/p>\n","protected":false},"excerpt":{"rendered":"<p>Voici votre Vid\u00e9o gratuite avec les informations sur les etudes en Roumanie.\u00c9tape 1: Regardez la vid\u00e9o\u00c9tape 2: Pour vous faire accompagner pour votre inscription cliquez le bouton \u00ab\u00a0JE VEUX ME FAIRE ACCOMPAGNER\u00a0\u00bb ici basVous serez guid\u00e9 pour: &#8211; la composition de votre dossier d\u2019inscription; &#8211; vous faire accompagner dans le Choix de votre programme et [&hellip;]<\/p>\n","protected":false},"author":1,"featured_media":0,"parent":0,"menu_order":0,"comment_status":"closed","ping_status":"closed","template":"page-template-blank.php","meta":{"_et_pb_use_builder":"on","_et_pb_old_content":"","_et_gb_content_width":"","footnotes":""},"class_list":["post-24574","page","type-page","status-publish","hentry"],"_links":{"self":[{"href":"https:\/\/www.etudes-en-roumanie.net\/guide\/wp-json\/wp\/v2\/pages\/24574","targetHints":{"allow":["GET"]}}],"collection":[{"href":"https:\/\/www.etudes-en-roumanie.net\/guide\/wp-json\/wp\/v2\/pages"}],"about":[{"href":"https:\/\/www.etudes-en-roumanie.net\/guide\/wp-json\/wp\/v2\/types\/page"}],"author":[{"embeddable":true,"href":"https:\/\/www.etudes-en-roumanie.net\/guide\/wp-json\/wp\/v2\/users\/1"}],"replies":[{"embeddable":true,"href":"https:\/\/www.etudes-en-roumanie.net\/guide\/wp-json\/wp\/v2\/comments?post=24574"}],"version-history":[{"count":37,"href":"https:\/\/www.etudes-en-roumanie.net\/guide\/wp-json\/wp\/v2\/pages\/24574\/revisions"}],"predecessor-version":[{"id":24924,"href":"https:\/\/www.etudes-en-roumanie.net\/guide\/wp-json\/wp\/v2\/pages\/24574\/revisions\/24924"}],"wp:attachment":[{"href":"https:\/\/www.etudes-en-roumanie.net\/guide\/wp-json\/wp\/v2\/media?parent=24574"}],"curies":[{"name":"wp","href":"https:\/\/api.w.org\/{rel}","templated":true}]}}